{"id":356,"date":"2020-02-13T19:30:16","date_gmt":"2020-02-13T18:30:16","guid":{"rendered":"https:\/\/juanfranlopez.com\/legal-advice\/"},"modified":"2020-02-13T19:52:19","modified_gmt":"2020-02-13T18:52:19","slug":"aviso-legal","status":"publish","type":"page","link":"https:\/\/juanfranlopez.com\/es\/aviso-legal\/","title":{"rendered":"Aviso Legal"},"content":{"rendered":"<p>Juan Francisco Lopez, en calidad de titular del sitio web https:\/\/www.juanfranlopez.com; de conformidad con las prescripciones establecidas en la Ley de Servicios de la Sociedad de la Informaci\u00f3n y Comercio Electr\u00f3nico 34\/2002 de 11 de julio, le informa sobre las condiciones legales de este sitio web.<\/p>\n<p>Con car\u00e1cter general, las relaciones entre Juan Francisco Lopez y sus usuarios, derivadas del uso de los servicios contenidos en la presente web, se encuentran sometidas a la legislaci\u00f3n y jurisdicci\u00f3n espa\u00f1olas. Este Sitio web ha sido creado con car\u00e1cter informativo.<br \/>\nEl hecho de acceder a este sitio web implica el conocimiento y aceptaci\u00f3n de los siguientes t\u00e9rminos y condiciones.<\/p>\n<h2>T\u00e9rminos de uso y Condiciones Generales<\/h2>\n<p>El acceso a este sitio web es responsabilidad exclusiva de los usuarios. El acceso y navegaci\u00f3n en este sitio web supone aceptar y conocer las advertencias legales, condiciones y t\u00e9rminos de uso contenidas en \u00e9l.<br \/>\nEst\u00e1 prohibido el env\u00edo de correo electr\u00f3nico masivo no solicitado o de correo no solicitado (SPAM) dirigido a cuentas de correo electr\u00f3nico utilizadas en este sitio web.<br \/>\nEst\u00e1 prohibido utilizar esta web con fines comerciales o de manera inadecuada atendiendo a su propia finalidad.<br \/>\nEl usuario no podr\u00e1 acceder a este sitio web de modo que da\u00f1e, deteriore, inutilice o sobrecargue los servicios y\/o la informaci\u00f3n ofrecida.<\/p>\n<h2>Actualidad y Modificaci\u00f3n de la informaci\u00f3n<\/h2>\n<p>La informaci\u00f3n que aparece en este sitio web es la vigente en la fecha de su \u00faltima actualizaci\u00f3n. Juan Francisco Lopez se reserva el derecho a actualizar, modificar o eliminar la informaci\u00f3n de este sitio web, pudiendo limitar o no permitir el acceso al mismo.<br \/>\nJuan Francisco Lopez se reserva la facultad de efectuar, en cualquier momento, cuantos cambios y modificaciones estime convenientes, pudiendo hacer uso de tal facultad en cualquier momento y sin previo aviso.<\/p>\n<h2>Contenidos<\/h2>\n<p>Juan Francisco Lopez realiza los m\u00e1ximos esfuerzos para evitar cualquier error en los contenidos que pudieran aparecer en este sitio web.<br \/>\nJuan Francisco Lopez no asume responsabilidad alguna por las discrepancias que pudiesen existir entre los documentos impresos y la versi\u00f3n electr\u00f3nica publicada en este sitio web. En caso de discrepancia entre la versi\u00f3n impresa y la publicada en el sitio web, prevalecer\u00e1 la versi\u00f3n impresa.<br \/>\nJuan Francisco Lopez no se responsabiliza en modo alguno de aquellos contenidos, actividades comerciales, productos y servicios incluidos que pudiesen visualizarse mediante enlaces electr\u00f3nicos (links), directa o indirectamente, a trav\u00e9s de este sitio web. La presencia de links en este sitio web de Juan Francisco Lopez, salvo manifestaci\u00f3n expresa en contrario, tiene una finalidad meramente informativa, por lo que en ning\u00fan caso supone sugerencia, invitaci\u00f3n o recomendaci\u00f3n sobre los mismos. Estos enlaces no representan ning\u00fan tipo de relaci\u00f3n entre Juan Francisco Lopez y los particulares o empresas titulares de los sitio webs a los que puede accederse mediante estos enlaces. Juan Francisco Lopez se reserva el derecho de retirar de modo unilateral y en cualquier momento los links que aparecen en su sitio web.<\/p>\n<h2>Navegaci\u00f3n, acceso y seguridad<\/h2>\n<p>Juan Francisco Lopez realiza los m\u00e1ximos esfuerzos para que la navegaci\u00f3n se realice en las mejores condiciones y evitar los perjuicios de cualquier tipo que pudiesen ocasionarse durante la misma.<\/p>\n<p>Juan Francisco Lopez no se responsabiliza ni garantiza que el acceso a este sitio web sea ininterrumpido o que est\u00e9 libre de error. Tampoco se responsabiliza o garantiza que el contenido o software al que pueda accederse a trav\u00e9s de este sitio web, est\u00e9 libre de error o cause un da\u00f1o. En ning\u00fan caso Juan Francisco Lopez ser\u00e1 responsable por las p\u00e9rdidas, da\u00f1os o perjuicios de cualquier tipo que surjan por el acceso y el uso de este sitio web, incluy\u00e9ndose pero no limit\u00e1ndose, a los ocasionados a los sistemas inform\u00e1ticos o los provocados por la introducci\u00f3n de virus. Juan Francisco Lopez no se hace responsable de los da\u00f1os que pudiesen ocasionarse a los usuarios por un uso inadecuado de este sitio web.<\/p>\n<p>Juan Francisco Lopez procura que la presentaci\u00f3n de todos los contenidos y funcionalidades esenciales de la web sea independiente de los dispositivos f\u00edsicos y navegadores web empleados a tal fin, codificados con est\u00e1ndares t\u00e9cnicos de uso libre y gratuito, y accesible para navegadores adaptados a personas con minusval\u00edas o limitaciones sensoriales, motoras o cognitivas. Se recomienda emplear navegadores de versi\u00f3n reciente.<\/p>\n<h2>Propiedad Intelectual e Industrial<\/h2>\n<p>Este sitio web y los contenidos que alberga se encuentran protegidos por las leyes de Propiedad Intelectual. No podr\u00e1n ser objeto de explotaci\u00f3n, reproducci\u00f3n, distribuci\u00f3n, modificaci\u00f3n, comunicaci\u00f3n p\u00fablica, cesi\u00f3n o transformaci\u00f3n. El acceso a este sitio web no otorga a los usuarios derecho, ni titularidad alguna sobre los derechos de propiedad intelectual de los contenidos que alberga este sitio web.<\/p>\n<p>Juan Francisco Lopez no transfiere a los usuarios la propiedad de su software. Juan Francisco Lopez retiene todos los derechos de propiedad industrial e intelectual incluyendo el software. Si el usuario transfiere software de este sitio web a su terminal, no podr\u00e1 diseccionarlo para su estudio, o descompilarlo, traducir la versi\u00f3n del c\u00f3digo objeto original o su lenguaje a otro c\u00f3digo o lenguaje. El nombre comercial, las marcas, logo, productos y servicios que contiene este sitio web se encuentran protegidos por ley.<\/p>\n<p>Juan Francisco Lopez se reserva la posibilidad de ejercer las acciones judiciales que correspondan contra los usuarios que violen o infrinjan los derechos de propiedad intelectual e industrial.<\/p>\n<h2>LEGISLACI\u00d3N APLICABLE<\/h2>\n<p>En caso de disputa o conflicto de interpretaci\u00f3n de los t\u00e9rminos que conforman este aviso legal ser\u00e1 la legislaci\u00f3n espa\u00f1ola.<\/p>\n","protected":false},"excerpt":{"rendered":"<p>Juan Francisco Lopez, en calidad de titular del sitio web https:\/\/www.juanfranlopez.com; de conformidad con las prescripciones establecidas en la Ley de Servicios de la Sociedad de la Informaci\u00f3n y Comercio Electr\u00f3nico 34\/2002 de 11 de julio, le informa sobre las condiciones legales de este sitio web. Con car\u00e1cter general, las relaciones entre Juan Francisco Lopez [&#8230;]<\/p>\n<p><a class=\"btn btn-secondary understrap-read-more-link\" href=\"https:\/\/juanfranlopez.com\/es\/aviso-legal\/\">Leer m\u00e1s&#8230;<\/a><\/p>\n","protected":false},"author":1,"featured_media":0,"parent":0,"menu_order":0,"comment_status":"closed","ping_status":"closed","template":"page-templates\/fullwidthpage.php","meta":{"_acf_changed":false,"footnotes":""},"class_list":["post-356","page","type-page","status-publish","hentry"],"acf":[],"yoast_head":"<!-- This site is optimized with the Yoast SEO plugin v25.8 - https:\/\/yoast.com\/wordpress\/plugins\/seo\/ -->\n<title>Aviso Legal - JuanFran Lopez<\/title>\n<meta name=\"robots\" content=\"index, follow, max-snippet:-1, max-image-preview:large, max-video-preview:-1\" \/>\n<link rel=\"canonical\" href=\"https:\/\/juanfranlopez.com\/es\/aviso-legal\/\" \/>\n<meta property=\"og:locale\" content=\"es_ES\" \/>\n<meta property=\"og:type\" content=\"article\" \/>\n<meta property=\"og:title\" content=\"Aviso Legal - JuanFran Lopez\" \/>\n<meta property=\"og:description\" content=\"Juan Francisco Lopez, en calidad de titular del sitio web https:\/\/www.juanfranlopez.com; de conformidad con las prescripciones establecidas en la Ley de Servicios de la Sociedad de la Informaci\u00f3n y Comercio Electr\u00f3nico 34\/2002 de 11 de julio, le informa sobre las condiciones legales de este sitio web. Con car\u00e1cter general, las relaciones entre Juan Francisco Lopez [...]Leer m\u00e1s...\" \/>\n<meta property=\"og:url\" content=\"https:\/\/juanfranlopez.com\/es\/aviso-legal\/\" \/>\n<meta property=\"og:site_name\" content=\"JuanFran Lopez\" \/>\n<meta property=\"article:publisher\" content=\"https:\/\/www.facebook.com\/juanfrancisco.lopez.5245\" \/>\n<meta property=\"article:modified_time\" content=\"2020-02-13T18:52:19+00:00\" \/>\n<meta name=\"twitter:card\" content=\"summary_large_image\" \/>\n<meta name=\"twitter:label1\" content=\"Tiempo de lectura\" \/>\n\t<meta name=\"twitter:data1\" content=\"5 minutos\" \/>\n<script type=\"application\/ld+json\" class=\"yoast-schema-graph\">{\"@context\":\"https:\/\/schema.org\",\"@graph\":[{\"@type\":\"WebPage\",\"@id\":\"https:\/\/juanfranlopez.com\/es\/aviso-legal\/\",\"url\":\"https:\/\/juanfranlopez.com\/es\/aviso-legal\/\",\"name\":\"Aviso Legal - JuanFran Lopez\",\"isPartOf\":{\"@id\":\"https:\/\/juanfranlopez.com\/es\/#website\"},\"datePublished\":\"2020-02-13T18:30:16+00:00\",\"dateModified\":\"2020-02-13T18:52:19+00:00\",\"breadcrumb\":{\"@id\":\"https:\/\/juanfranlopez.com\/es\/aviso-legal\/#breadcrumb\"},\"inLanguage\":\"es\",\"potentialAction\":[{\"@type\":\"ReadAction\",\"target\":[\"https:\/\/juanfranlopez.com\/es\/aviso-legal\/\"]}]},{\"@type\":\"BreadcrumbList\",\"@id\":\"https:\/\/juanfranlopez.com\/es\/aviso-legal\/#breadcrumb\",\"itemListElement\":[{\"@type\":\"ListItem\",\"position\":1,\"name\":\"Home\",\"item\":\"https:\/\/juanfranlopez.com\/es\/\"},{\"@type\":\"ListItem\",\"position\":2,\"name\":\"Aviso Legal\"}]},{\"@type\":\"WebSite\",\"@id\":\"https:\/\/juanfranlopez.com\/es\/#website\",\"url\":\"https:\/\/juanfranlopez.com\/es\/\",\"name\":\"JuanFran Lopez\",\"description\":\"Organic agriculture, biofertiliser, living agriculture\",\"publisher\":{\"@id\":\"https:\/\/juanfranlopez.com\/es\/#organization\"},\"potentialAction\":[{\"@type\":\"SearchAction\",\"target\":{\"@type\":\"EntryPoint\",\"urlTemplate\":\"https:\/\/juanfranlopez.com\/es\/?s={search_term_string}\"},\"query-input\":{\"@type\":\"PropertyValueSpecification\",\"valueRequired\":true,\"valueName\":\"search_term_string\"}}],\"inLanguage\":\"es\"},{\"@type\":\"Organization\",\"@id\":\"https:\/\/juanfranlopez.com\/es\/#organization\",\"name\":\"JuanFran Lopez\",\"url\":\"https:\/\/juanfranlopez.com\/es\/\",\"logo\":{\"@type\":\"ImageObject\",\"inLanguage\":\"es\",\"@id\":\"https:\/\/juanfranlopez.com\/es\/#\/schema\/logo\/image\/\",\"url\":\"https:\/\/juanfranlopez.com\/wp-content\/uploads\/2019\/12\/logo-juanfranlopez.png\",\"contentUrl\":\"https:\/\/juanfranlopez.com\/wp-content\/uploads\/2019\/12\/logo-juanfranlopez.png\",\"width\":95,\"height\":93,\"caption\":\"JuanFran Lopez\"},\"image\":{\"@id\":\"https:\/\/juanfranlopez.com\/es\/#\/schema\/logo\/image\/\"},\"sameAs\":[\"https:\/\/www.facebook.com\/juanfrancisco.lopez.5245\",\"https:\/\/www.instagram.com\/juanfran.livingagriculture\/\"]}]}<\/script>\n<!-- \/ Yoast SEO plugin. -->","yoast_head_json":{"title":"Aviso Legal - JuanFran Lopez","robots":{"index":"index","follow":"follow","max-snippet":"max-snippet:-1","max-image-preview":"max-image-preview:large","max-video-preview":"max-video-preview:-1"},"canonical":"https:\/\/juanfranlopez.com\/es\/aviso-legal\/","og_locale":"es_ES","og_type":"article","og_title":"Aviso Legal - JuanFran Lopez","og_description":"Juan Francisco Lopez, en calidad de titular del sitio web https:\/\/www.juanfranlopez.com; de conformidad con las prescripciones establecidas en la Ley de Servicios de la Sociedad de la Informaci\u00f3n y Comercio Electr\u00f3nico 34\/2002 de 11 de julio, le informa sobre las condiciones legales de este sitio web. Con car\u00e1cter general, las relaciones entre Juan Francisco Lopez [...]Leer m\u00e1s...","og_url":"https:\/\/juanfranlopez.com\/es\/aviso-legal\/","og_site_name":"JuanFran Lopez","article_publisher":"https:\/\/www.facebook.com\/juanfrancisco.lopez.5245","article_modified_time":"2020-02-13T18:52:19+00:00","twitter_card":"summary_large_image","twitter_misc":{"Tiempo de lectura":"5 minutos"},"schema":{"@context":"https:\/\/schema.org","@graph":[{"@type":"WebPage","@id":"https:\/\/juanfranlopez.com\/es\/aviso-legal\/","url":"https:\/\/juanfranlopez.com\/es\/aviso-legal\/","name":"Aviso Legal - JuanFran Lopez","isPartOf":{"@id":"https:\/\/juanfranlopez.com\/es\/#website"},"datePublished":"2020-02-13T18:30:16+00:00","dateModified":"2020-02-13T18:52:19+00:00","breadcrumb":{"@id":"https:\/\/juanfranlopez.com\/es\/aviso-legal\/#breadcrumb"},"inLanguage":"es","potentialAction":[{"@type":"ReadAction","target":["https:\/\/juanfranlopez.com\/es\/aviso-legal\/"]}]},{"@type":"BreadcrumbList","@id":"https:\/\/juanfranlopez.com\/es\/aviso-legal\/#breadcrumb","itemListElement":[{"@type":"ListItem","position":1,"name":"Home","item":"https:\/\/juanfranlopez.com\/es\/"},{"@type":"ListItem","position":2,"name":"Aviso Legal"}]},{"@type":"WebSite","@id":"https:\/\/juanfranlopez.com\/es\/#website","url":"https:\/\/juanfranlopez.com\/es\/","name":"JuanFran Lopez","description":"Organic agriculture, biofertiliser, living agriculture","publisher":{"@id":"https:\/\/juanfranlopez.com\/es\/#organization"},"potentialAction":[{"@type":"SearchAction","target":{"@type":"EntryPoint","urlTemplate":"https:\/\/juanfranlopez.com\/es\/?s={search_term_string}"},"query-input":{"@type":"PropertyValueSpecification","valueRequired":true,"valueName":"search_term_string"}}],"inLanguage":"es"},{"@type":"Organization","@id":"https:\/\/juanfranlopez.com\/es\/#organization","name":"JuanFran Lopez","url":"https:\/\/juanfranlopez.com\/es\/","logo":{"@type":"ImageObject","inLanguage":"es","@id":"https:\/\/juanfranlopez.com\/es\/#\/schema\/logo\/image\/","url":"https:\/\/juanfranlopez.com\/wp-content\/uploads\/2019\/12\/logo-juanfranlopez.png","contentUrl":"https:\/\/juanfranlopez.com\/wp-content\/uploads\/2019\/12\/logo-juanfranlopez.png","width":95,"height":93,"caption":"JuanFran Lopez"},"image":{"@id":"https:\/\/juanfranlopez.com\/es\/#\/schema\/logo\/image\/"},"sameAs":["https:\/\/www.facebook.com\/juanfrancisco.lopez.5245","https:\/\/www.instagram.com\/juanfran.livingagriculture\/"]}]}},"_links":{"self":[{"href":"https:\/\/juanfranlopez.com\/es\/wp-json\/wp\/v2\/pages\/356","targetHints":{"allow":["GET"]}}],"collection":[{"href":"https:\/\/juanfranlopez.com\/es\/wp-json\/wp\/v2\/pages"}],"about":[{"href":"https:\/\/juanfranlopez.com\/es\/wp-json\/wp\/v2\/types\/page"}],"author":[{"embeddable":true,"href":"https:\/\/juanfranlopez.com\/es\/wp-json\/wp\/v2\/users\/1"}],"replies":[{"embeddable":true,"href":"https:\/\/juanfranlopez.com\/es\/wp-json\/wp\/v2\/comments?post=356"}],"version-history":[{"count":2,"href":"https:\/\/juanfranlopez.com\/es\/wp-json\/wp\/v2\/pages\/356\/revisions"}],"predecessor-version":[{"id":358,"href":"https:\/\/juanfranlopez.com\/es\/wp-json\/wp\/v2\/pages\/356\/revisions\/358"}],"wp:attachment":[{"href":"https:\/\/juanfranlopez.com\/es\/wp-json\/wp\/v2\/media?parent=356"}],"curies":[{"name":"wp","href":"https:\/\/api.w.org\/{rel}","templated":true}]}}