{"id":364,"date":"2020-02-13T19:58:49","date_gmt":"2020-02-13T18:58:49","guid":{"rendered":"https:\/\/juanfranlopez.com\/privacy-policy\/"},"modified":"2020-02-13T20:05:57","modified_gmt":"2020-02-13T19:05:57","slug":"politica-de-privacidad","status":"publish","type":"page","link":"https:\/\/juanfranlopez.com\/es\/politica-de-privacidad\/","title":{"rendered":"Pol\u00edtica de Privacidad"},"content":{"rendered":"<p>Para adaptarnos a la nueva normativa de protecci\u00f3n de datos, RGPD (UE) 2016\/679 de 27 de abril y L.O. 3\/2018 de 5 diciembre, de Protecci\u00f3n de Datos Personales y Garant\u00eda de Derechos Digitales, hemos modificado nuestra pol\u00edtica de protecci\u00f3n de datos y a continuaci\u00f3n te informamos de forma clara y sencilla sobre los aspectos m\u00e1s relevantes de la misma.<\/p>\n<p>Estamos comprometidos con tu privacidad, para nosotros es muy importante ser transparentes, dando al usuario el control de sus datos personales a trav\u00e9s de opciones claras y sencillas.<\/p>\n<p>No obstante, si una vez le\u00edda la presente informaci\u00f3n tienes alguna duda, no dudes en ponerte en contacto con nosotros.<\/p>\n<h2>\u00bfQui\u00e9n es el Responsable del tratamiento?<\/h2>\n<p>Juan Francisco Lopez Correo elect: info@juanfranlopez.com<\/p>\n<p>Los datos de car\u00e1cter personal que nos proporciones ser\u00e1n tratados de conformidad con la normativa vigente en materia de protecci\u00f3n de datos de car\u00e1cter personal de la Uni\u00f3n Europea y de Espa\u00f1a.<br \/>\nEn el momento de proceder a la recogida de los datos se indicar\u00e1 el car\u00e1cter voluntario u obligatorio de los datos objeto de recogida. La negativa a proporcionar los datos calificados como obligatorios supondr\u00e1 la no prestaci\u00f3n o la imposibilidad de acceder al servicio para los que eran solicitados. As\u00ed mismo, podr\u00e1n facilitarse datos de modo voluntario con el objetivo de que puedan prestarse de modo m\u00e1s \u00f3ptimo los servicios y\/o productos ofertados.<br \/>\nLos datos que el usuario facilite deber\u00e1n ser exactos y responder con veracidad a la situaci\u00f3n actual del interesado. El usuario que introduce los datos, es el responsable \u00fanico y final de la veracidad de la informaci\u00f3n suministrada en nuestra web.<\/p>\n<h2>\u00bfPara qu\u00e9 necesitamos tratar tus datos personales?<\/h2>\n<p>Las finalidades principales del tratamiento de tus datos personales son las siguientes:<br \/>\nTratamos los datos que nos facilitas a trav\u00e9s de nuestra web para contactar contigo y dar respuesta a tu solicitud de informaci\u00f3n.<br \/>\nCuando nos solicitas alg\u00fan servicio, tratamos los datos que nos facilitas para la prestaci\u00f3n del servicio solicitado y para su gesti\u00f3n administrativa y contable.<br \/>\nSi as\u00ed nos autorizas, trataremos los datos de contacto que nos facilites para enviarte informaci\u00f3n de inter\u00e9s sobre los servicios jur\u00eddicos que ofrecemos. Esta informaci\u00f3n podr\u00e1 ser enviada por cualquier medio, incluidos los medios electr\u00f3nicos.<br \/>\nNo est\u00e1 prevista la toma de decisiones automatizadas o elaboraci\u00f3n de perfiles. No hay previsi\u00f3n de transferencias de datos a pa\u00edses terceros.<\/p>\n<h2>\u00bfCu\u00e1l es la legitimaci\u00f3n para el tratamiento de los datos personales?<\/h2>\n<p>\u2022 La ejecuci\u00f3n de medidas precontractuales para dar respuesta a tu solicitud de informaci\u00f3n.<br \/>\n\u2022 La ejecuci\u00f3n de un contrato para gestionar los servicios que tienes, solicites o contrates con nosotros.<br \/>\n\u2022 El consentimiento para enviarte informaci\u00f3n de inter\u00e9s sobre los servicios que ofrecemos por cualquier medio, incluidos medios electr\u00f3nicos.<\/p>\n<h2>\u00bfDurante cu\u00e1nto tiempo conservaremos los datos personales?<\/h2>\n<p>Los datos facilitados se conservar\u00e1n el tiempo imprescindible para dar respuesta a tu petici\u00f3n,  gestionar los servicios que nos has solicitado o tienes contratados, sin perjuicio de que puedas ejercitar el derecho a la supresi\u00f3n de tus datos personales, lo que conllevar\u00e1 el bloqueo de los datos durante el tiempo que persistan las obligaciones legales, o hasta que te opongas a seguir recibiendo informaci\u00f3n sobre nuestros productos y\/o servicios.<br \/>\nPodremos conservar los datos personales una vez finalizada toda relaci\u00f3n con el interesado para el cumplimiento de las obligaciones legales. En todo caso, se conservar\u00e1n el plazo m\u00ednimo necesario, pudiendo mantenerse hasta:<br \/>\nLa documentaci\u00f3n contable y fiscal a efectos mercantiles podr\u00e1 conservarse durante un plazo de 6 a\u00f1os (art\u00edculo 1964 C\u00f3digo de Comercio) y a efectos fiscales durante un plazo de 4 a\u00f1os (arts. 66 y sig. Ley General Tributaria). A efectos de lo dispuesto en el art\u00edculo 25 de la Ley de Prevenci\u00f3n de Blanqueo de Capitales y Financiaci\u00f3n del Terrorismo, durante un plazo de 10 a\u00f1os.<\/p>\n<h2>\u00bfA qui\u00e9n podemos comunicar tus datos?<\/h2>\n<p>\u2022 A prestadores de servicios que act\u00faan como Encargados del tratamiento de los datos.<br \/>\n\u2022 A terceros tales como Administraciones p\u00fablicas, Juzgados y Tribunales para el cumplimiento de las obligaciones legales.<\/p>\n<h2>\u00bfQui\u00e9nes son nuestros Encargados del tratamiento?<\/h2>\n<p>Para poder prestarte un servicio adecuado y gestionar la relaci\u00f3n contractual, hemos contratado  a las siguientes categor\u00edas de encargados del tratamiento que tratar\u00e1n tus datos por cuenta de Juan Francisco Lopez: servicios de consultor\u00eda, plataforma de administraci\u00f3n de contenidos en la nube, servicios de desarrollo web, servicios de hosting,  servicios de desarrollo web. Lugar de prestaci\u00f3n de los servicios: Espa\u00f1a y en alg\u00fan caso Uni\u00f3n Europea.<\/p>\n<h2>\u00bfC\u00f3mo protegemos tus datos?<\/h2>\n<p>Teniendo en cuenta la naturaleza, el \u00e1mbito, el contexto y los fines del tratamiento de sus datos personales as\u00ed como los riesgos de diversa probabilidad y gravedad para los derechos y libertades del interesado, ha adoptado medidas de seguridad t\u00e9cnicas y organizativas eficaces y que resultan apropiadas de conformidad con el RGPD.<br \/>\nEn concreto,  hemos aprobado una Pol\u00edtica de Protecci\u00f3n de Datos y realizamos peri\u00f3dicamente controles para verificar que tus datos personales est\u00e1n seguros.<\/p>\n<h2>\u00bfCu\u00e1les son tus derechos?<\/h2>\n<p>Tienes derecho a obtener informaci\u00f3n sobre si estamos tratando tus datos personales (derecho de acceso), a solicitar la rectificaci\u00f3n de los datos inexactos (derecho de rectificaci\u00f3n) o su supresi\u00f3n cuando los datos ya no sean necesarios para la ejecuci\u00f3n del contrato (derecho de supresi\u00f3n), a la limitaci\u00f3n, en determinadas circunstancias, de su tratamiento (derecho a la limitaci\u00f3n del tratamiento), a recibir los datos personales facilitados que te incumban o a solicitar que se lo enviemos a otro responsable del tratamiento de tu elecci\u00f3n, en un formato estructurado de uso com\u00fan y lectura mec\u00e1nica (derecho a la portabilidad de los datos), as\u00ed como a retirar en cualquier momento el consentimiento prestado para recibir informaci\u00f3n de inter\u00e9s por cualquier medio (derecho de oposici\u00f3n). Puedes ejercitar tus derechos dirigi\u00e9ndote por escrito a la direcci\u00f3n postal o electr\u00f3nica del Responsable del Tratamiento, conforme a lo establecido en los art\u00edculos 15 a 22 del RGPD 2016\/679. Para ejercitar tus derechos, acompa\u00f1a a tu solicitud una copia de tu DNI o documento equivalente acreditativo de tu identidad.<br \/>\nSi consideras que el tratamiento de sus datos infringe la normativa de protecci\u00f3n de datos de car\u00e1cter personal aplicable puedes presentar una reclamaci\u00f3n ante la Autoridad de Control competente, en Espa\u00f1a, la Agencia Espa\u00f1ola de Protecci\u00f3n de Datos.<\/p>\n<h2>Actualidad y modificaci\u00f3n de la informaci\u00f3n<\/h2>\n<p>La informaci\u00f3n que aparece en este sitio web es la vigente en la fecha de su \u00faltima actualizaci\u00f3n. Juan Francisco Lopez. se reserva la facultad de efectuar, en cualquier momento, cuantos cambios y modificaciones estime convenientes, sobre todo para adecuarse a cualquier cambio normativo en materia de protecci\u00f3n de datos de la Uni\u00f3n Europea y de Espa\u00f1a, pudiendo hacer uso de tal facultad en cualquier momento y sin previo aviso.<\/p>\n","protected":false},"excerpt":{"rendered":"<p>Para adaptarnos a la nueva normativa de protecci\u00f3n de datos, RGPD (UE) 2016\/679 de 27 de abril y L.O. 3\/2018 de 5 diciembre, de Protecci\u00f3n de Datos Personales y Garant\u00eda de Derechos Digitales, hemos modificado nuestra pol\u00edtica de protecci\u00f3n de datos y a continuaci\u00f3n te informamos de forma clara y sencilla sobre los aspectos m\u00e1s [&#8230;]<\/p>\n<p><a class=\"btn btn-secondary understrap-read-more-link\" href=\"https:\/\/juanfranlopez.com\/es\/politica-de-privacidad\/\">Leer m\u00e1s&#8230;<\/a><\/p>\n","protected":false},"author":1,"featured_media":0,"parent":0,"menu_order":0,"comment_status":"closed","ping_status":"closed","template":"","meta":{"_acf_changed":false,"footnotes":""},"class_list":["post-364","page","type-page","status-publish","hentry"],"acf":[],"yoast_head":"<!-- This site is optimized with the Yoast SEO plugin v25.8 - https:\/\/yoast.com\/wordpress\/plugins\/seo\/ -->\n<title>Pol\u00edtica de Privacidad - JuanFran Lopez<\/title>\n<meta name=\"robots\" content=\"index, follow, max-snippet:-1, max-image-preview:large, max-video-preview:-1\" \/>\n<link rel=\"canonical\" href=\"https:\/\/juanfranlopez.com\/es\/politica-de-privacidad\/\" \/>\n<meta property=\"og:locale\" content=\"es_ES\" \/>\n<meta property=\"og:type\" content=\"article\" \/>\n<meta property=\"og:title\" content=\"Pol\u00edtica de Privacidad - JuanFran Lopez\" \/>\n<meta property=\"og:description\" content=\"Para adaptarnos a la nueva normativa de protecci\u00f3n de datos, RGPD (UE) 2016\/679 de 27 de abril y L.O. 3\/2018 de 5 diciembre, de Protecci\u00f3n de Datos Personales y Garant\u00eda de Derechos Digitales, hemos modificado nuestra pol\u00edtica de protecci\u00f3n de datos y a continuaci\u00f3n te informamos de forma clara y sencilla sobre los aspectos m\u00e1s [...]Leer m\u00e1s...\" \/>\n<meta property=\"og:url\" content=\"https:\/\/juanfranlopez.com\/es\/politica-de-privacidad\/\" \/>\n<meta property=\"og:site_name\" content=\"JuanFran Lopez\" \/>\n<meta property=\"article:publisher\" content=\"https:\/\/www.facebook.com\/juanfrancisco.lopez.5245\" \/>\n<meta property=\"article:modified_time\" content=\"2020-02-13T19:05:57+00:00\" \/>\n<meta name=\"twitter:card\" content=\"summary_large_image\" \/>\n<meta name=\"twitter:label1\" content=\"Tiempo de lectura\" \/>\n\t<meta name=\"twitter:data1\" content=\"6 minutos\" \/>\n<script type=\"application\/ld+json\" class=\"yoast-schema-graph\">{\"@context\":\"https:\/\/schema.org\",\"@graph\":[{\"@type\":\"WebPage\",\"@id\":\"https:\/\/juanfranlopez.com\/es\/politica-de-privacidad\/\",\"url\":\"https:\/\/juanfranlopez.com\/es\/politica-de-privacidad\/\",\"name\":\"Pol\u00edtica de Privacidad - JuanFran Lopez\",\"isPartOf\":{\"@id\":\"https:\/\/juanfranlopez.com\/es\/#website\"},\"datePublished\":\"2020-02-13T18:58:49+00:00\",\"dateModified\":\"2020-02-13T19:05:57+00:00\",\"breadcrumb\":{\"@id\":\"https:\/\/juanfranlopez.com\/es\/politica-de-privacidad\/#breadcrumb\"},\"inLanguage\":\"es\",\"potentialAction\":[{\"@type\":\"ReadAction\",\"target\":[\"https:\/\/juanfranlopez.com\/es\/politica-de-privacidad\/\"]}]},{\"@type\":\"BreadcrumbList\",\"@id\":\"https:\/\/juanfranlopez.com\/es\/politica-de-privacidad\/#breadcrumb\",\"itemListElement\":[{\"@type\":\"ListItem\",\"position\":1,\"name\":\"Home\",\"item\":\"https:\/\/juanfranlopez.com\/es\/\"},{\"@type\":\"ListItem\",\"position\":2,\"name\":\"Pol\u00edtica de Privacidad\"}]},{\"@type\":\"WebSite\",\"@id\":\"https:\/\/juanfranlopez.com\/es\/#website\",\"url\":\"https:\/\/juanfranlopez.com\/es\/\",\"name\":\"JuanFran Lopez\",\"description\":\"Organic agriculture, biofertiliser, living agriculture\",\"publisher\":{\"@id\":\"https:\/\/juanfranlopez.com\/es\/#organization\"},\"potentialAction\":[{\"@type\":\"SearchAction\",\"target\":{\"@type\":\"EntryPoint\",\"urlTemplate\":\"https:\/\/juanfranlopez.com\/es\/?s={search_term_string}\"},\"query-input\":{\"@type\":\"PropertyValueSpecification\",\"valueRequired\":true,\"valueName\":\"search_term_string\"}}],\"inLanguage\":\"es\"},{\"@type\":\"Organization\",\"@id\":\"https:\/\/juanfranlopez.com\/es\/#organization\",\"name\":\"JuanFran Lopez\",\"url\":\"https:\/\/juanfranlopez.com\/es\/\",\"logo\":{\"@type\":\"ImageObject\",\"inLanguage\":\"es\",\"@id\":\"https:\/\/juanfranlopez.com\/es\/#\/schema\/logo\/image\/\",\"url\":\"https:\/\/juanfranlopez.com\/wp-content\/uploads\/2019\/12\/logo-juanfranlopez.png\",\"contentUrl\":\"https:\/\/juanfranlopez.com\/wp-content\/uploads\/2019\/12\/logo-juanfranlopez.png\",\"width\":95,\"height\":93,\"caption\":\"JuanFran Lopez\"},\"image\":{\"@id\":\"https:\/\/juanfranlopez.com\/es\/#\/schema\/logo\/image\/\"},\"sameAs\":[\"https:\/\/www.facebook.com\/juanfrancisco.lopez.5245\",\"https:\/\/www.instagram.com\/juanfran.livingagriculture\/\"]}]}<\/script>\n<!-- \/ Yoast SEO plugin. -->","yoast_head_json":{"title":"Pol\u00edtica de Privacidad - JuanFran Lopez","robots":{"index":"index","follow":"follow","max-snippet":"max-snippet:-1","max-image-preview":"max-image-preview:large","max-video-preview":"max-video-preview:-1"},"canonical":"https:\/\/juanfranlopez.com\/es\/politica-de-privacidad\/","og_locale":"es_ES","og_type":"article","og_title":"Pol\u00edtica de Privacidad - JuanFran Lopez","og_description":"Para adaptarnos a la nueva normativa de protecci\u00f3n de datos, RGPD (UE) 2016\/679 de 27 de abril y L.O. 3\/2018 de 5 diciembre, de Protecci\u00f3n de Datos Personales y Garant\u00eda de Derechos Digitales, hemos modificado nuestra pol\u00edtica de protecci\u00f3n de datos y a continuaci\u00f3n te informamos de forma clara y sencilla sobre los aspectos m\u00e1s [...]Leer m\u00e1s...","og_url":"https:\/\/juanfranlopez.com\/es\/politica-de-privacidad\/","og_site_name":"JuanFran Lopez","article_publisher":"https:\/\/www.facebook.com\/juanfrancisco.lopez.5245","article_modified_time":"2020-02-13T19:05:57+00:00","twitter_card":"summary_large_image","twitter_misc":{"Tiempo de lectura":"6 minutos"},"schema":{"@context":"https:\/\/schema.org","@graph":[{"@type":"WebPage","@id":"https:\/\/juanfranlopez.com\/es\/politica-de-privacidad\/","url":"https:\/\/juanfranlopez.com\/es\/politica-de-privacidad\/","name":"Pol\u00edtica de Privacidad - JuanFran Lopez","isPartOf":{"@id":"https:\/\/juanfranlopez.com\/es\/#website"},"datePublished":"2020-02-13T18:58:49+00:00","dateModified":"2020-02-13T19:05:57+00:00","breadcrumb":{"@id":"https:\/\/juanfranlopez.com\/es\/politica-de-privacidad\/#breadcrumb"},"inLanguage":"es","potentialAction":[{"@type":"ReadAction","target":["https:\/\/juanfranlopez.com\/es\/politica-de-privacidad\/"]}]},{"@type":"BreadcrumbList","@id":"https:\/\/juanfranlopez.com\/es\/politica-de-privacidad\/#breadcrumb","itemListElement":[{"@type":"ListItem","position":1,"name":"Home","item":"https:\/\/juanfranlopez.com\/es\/"},{"@type":"ListItem","position":2,"name":"Pol\u00edtica de Privacidad"}]},{"@type":"WebSite","@id":"https:\/\/juanfranlopez.com\/es\/#website","url":"https:\/\/juanfranlopez.com\/es\/","name":"JuanFran Lopez","description":"Organic agriculture, biofertiliser, living agriculture","publisher":{"@id":"https:\/\/juanfranlopez.com\/es\/#organization"},"potentialAction":[{"@type":"SearchAction","target":{"@type":"EntryPoint","urlTemplate":"https:\/\/juanfranlopez.com\/es\/?s={search_term_string}"},"query-input":{"@type":"PropertyValueSpecification","valueRequired":true,"valueName":"search_term_string"}}],"inLanguage":"es"},{"@type":"Organization","@id":"https:\/\/juanfranlopez.com\/es\/#organization","name":"JuanFran Lopez","url":"https:\/\/juanfranlopez.com\/es\/","logo":{"@type":"ImageObject","inLanguage":"es","@id":"https:\/\/juanfranlopez.com\/es\/#\/schema\/logo\/image\/","url":"https:\/\/juanfranlopez.com\/wp-content\/uploads\/2019\/12\/logo-juanfranlopez.png","contentUrl":"https:\/\/juanfranlopez.com\/wp-content\/uploads\/2019\/12\/logo-juanfranlopez.png","width":95,"height":93,"caption":"JuanFran Lopez"},"image":{"@id":"https:\/\/juanfranlopez.com\/es\/#\/schema\/logo\/image\/"},"sameAs":["https:\/\/www.facebook.com\/juanfrancisco.lopez.5245","https:\/\/www.instagram.com\/juanfran.livingagriculture\/"]}]}},"_links":{"self":[{"href":"https:\/\/juanfranlopez.com\/es\/wp-json\/wp\/v2\/pages\/364","targetHints":{"allow":["GET"]}}],"collection":[{"href":"https:\/\/juanfranlopez.com\/es\/wp-json\/wp\/v2\/pages"}],"about":[{"href":"https:\/\/juanfranlopez.com\/es\/wp-json\/wp\/v2\/types\/page"}],"author":[{"embeddable":true,"href":"https:\/\/juanfranlopez.com\/es\/wp-json\/wp\/v2\/users\/1"}],"replies":[{"embeddable":true,"href":"https:\/\/juanfranlopez.com\/es\/wp-json\/wp\/v2\/comments?post=364"}],"version-history":[{"count":2,"href":"https:\/\/juanfranlopez.com\/es\/wp-json\/wp\/v2\/pages\/364\/revisions"}],"predecessor-version":[{"id":366,"href":"https:\/\/juanfranlopez.com\/es\/wp-json\/wp\/v2\/pages\/364\/revisions\/366"}],"wp:attachment":[{"href":"https:\/\/juanfranlopez.com\/es\/wp-json\/wp\/v2\/media?parent=364"}],"curies":[{"name":"wp","href":"https:\/\/api.w.org\/{rel}","templated":true}]}}