{"id":370,"date":"2020-02-13T20:08:12","date_gmt":"2020-02-13T19:08:12","guid":{"rendered":"https:\/\/juanfranlopez.com\/cookies-policy\/"},"modified":"2025-09-04T12:37:39","modified_gmt":"2025-09-04T10:37:39","slug":"politica-de-cookies","status":"publish","type":"page","link":"https:\/\/juanfranlopez.com\/es\/politica-de-cookies\/","title":{"rendered":"Pol\u00edtica de cookies"},"content":{"rendered":"<div class=\"cli_pg_page_contaner\">\n<h2>Acerca de esta pol\u00edtica de cookies.<\/h2>\n<p>Esta pol\u00edtica de cookies explica qu\u00e9 son las cookies y c\u00f3mo las usamos. Debe leer esta pol\u00edtica para comprender qu\u00e9 son las cookies, c\u00f3mo las utilizamos, los tipos de cookies que utilizamos, es decir, la informaci\u00f3n que recopilamos mediante las cookies y c\u00f3mo se utiliza esa informaci\u00f3n y c\u00f3mo controlar las preferencias de las cookies. Para obtener m\u00e1s informaci\u00f3n sobre c\u00f3mo utilizamos, almacenamos y mantenemos seguros sus datos personales, consulte nuestra Pol\u00edtica de privacidad.<\/p>\n<p>En cualquier momento puede modificar o retirar su consentimiento de la Declaraci\u00f3n de cookies de nuestro sitio web.<\/p>\n<p>Para obtener m\u00e1s informaci\u00f3n sobre qui\u00e9nes somos, c\u00f3mo puede ponerse en contacto con nosotros y c\u00f3mo procesamos los datos personales, consulte nuestra Pol\u00edtica de privacidad.<\/p>\n<p>Su consentimiento se aplica a los siguientes dominios: juanfranlopez.com<\/p>\n<h2>\u00bfQu\u00e9 son las cookies?<\/h2>\n<p>Las cookies son peque\u00f1os archivos de texto que se utilizan para almacenar peque\u00f1as piezas de informaci\u00f3n. Las cookies se almacenan en su dispositivo cuando el sitio web se carga en su navegador. Estas cookies nos ayudan a que el sitio web funcione correctamente, a que sea m\u00e1s seguro, a proporcionar una mejor experiencia al usuario y a comprender c\u00f3mo funciona el sitio web y a analizar qu\u00e9 funciona y d\u00f3nde necesita mejorar.<\/p>\n<h2>\u00bfC\u00f3mo utilizamos las cookies?<\/h2>\n<p>Como la mayor\u00eda de los servicios en l\u00ednea, nuestro sitio web utiliza cookies de primera y tercera parte para varios prop\u00f3sitos. Las cookies de primera parte son en su mayor\u00eda necesarias para que el sitio web funcione de manera correcta, y no recogen ninguno de sus datos de identificaci\u00f3n personal.<\/p>\n<p>Las cookies de terceros que se utilizan en nuestros sitios web se usan principalmente para comprender c\u00f3mo funciona el sitio web, c\u00f3mo interact\u00faas con nuestro sitio web, mantener nuestros servicios seguros, proporcionar anuncios que son relevantes para ti y, en general, proporcionarte una experiencia de usuario mejorada y ayudar a acelerar tus futuras interacciones con nuestro sitio web.<\/p>\n<h2>\u00bfQu\u00e9 tipos de cookies utilizamos?<\/h2>\n<p>La siguiente lista detalla las cookies utilizadas en nuestro sitio web.<\/p>\n<div id=\"cmplz-cookies-overview\"><details class=\"cmplz-dropdown cmplz-service-desc cmplz-dropdown-cookiepolicy \">\n\t<summary class=\"cmplz-service-header\"><div>\n\t\t<h3>Google reCAPTCHA<\/h3>\n\t\t<p>Funcional<\/p>\n\t\t<label for=\"cmplz_service_google-recaptcha\" class=\"cmplz_consent_per_service_label\"><span class=\"screen-reader-text\">Consent to service google-recaptcha<\/span><\/label>\n\t\t<input type=\"checkbox\" id=\"cmplz_service_google-recaptcha\" class=\"cmplz-accept-service cmplz-hidden\" data-service=\"google-recaptcha\" data-category=\"functional\"><\/div>\n\t<\/summary>\n\t<div class=\"cmplz-service-description\">\n\t\t<h4>Uso<\/h4>\n\t\t<p>Usamos Google reCAPTCHA para prevenci\u00f3n de spam. <a target=\"_blank\" rel=\"noopener noreferrer nofollow\" href=\"https:\/\/cookiedatabase.org\/service\/google-recaptcha\/\">Leer m\u00e1s<\/a><\/p>\n\t<\/div>\n\t<div class=\"cmplz-sharing-data\">\n\t\t<h4>Compartir datos<\/h4>\n\t\t<p>Para m\u00e1s informaci\u00f3n, por favor, lee la <a target=\"_blank\" rel=\"noopener noreferrer nofollow\" href=\"https:\/\/policies.google.com\/privacy\">pol\u00edtica de privacidad de Google reCAPTCHA<\/a>.<\/p>\n\t<\/div>\n\t<div class=\"cookies-per-purpose\">\n    <div class=\"purpose\"><h4>Funcional<\/h4><\/div>\n    <div class=\"name-header\">\n\t<h5>Nombre<\/h5>\n<\/div>\n<div class=\"name\"><a target=\"_blank\" rel=\"noopener noreferrer nofollow\" href=\"https:\/\/cookiedatabase.org\/cookie\/google-recaptcha\/_grecaptcha\/\">_grecaptcha<\/a><\/div>\n<div class=\"retention-header\">\n\t<h5>Caducidad<\/h5>\n<\/div>\n<div class=\"retention\">6 meses<\/div>\n<div class=\"function-header\">\n\t<h5>Funci\u00f3n<\/h5>\n<\/div>\n<div class=\"function\">Proporcionar protecci\u00f3n contra correo no deseado<\/div>\n\n<\/div><div class=\"cookies-per-purpose\">\n    <div class=\"purpose\"><h4>Prop\u00f3sito pendiente de investigaci\u00f3n<\/h4><\/div>\n    <div class=\"name-header\">\n\t<h5>Nombre<\/h5>\n<\/div>\n<div class=\"name\">rc::c<\/div>\n<div class=\"retention-header\">\n\t<h5>Caducidad<\/h5>\n<\/div>\n<div class=\"retention\"><\/div>\n<div class=\"function-header\">\n\t<h5>Funci\u00f3n<\/h5>\n<\/div>\n<div class=\"function\"><\/div>\n<div class=\"name-header\">\n\t<h5>Nombre<\/h5>\n<\/div>\n<div class=\"name\">rc::b<\/div>\n<div class=\"retention-header\">\n\t<h5>Caducidad<\/h5>\n<\/div>\n<div class=\"retention\"><\/div>\n<div class=\"function-header\">\n\t<h5>Funci\u00f3n<\/h5>\n<\/div>\n<div class=\"function\"><\/div>\n<div class=\"name-header\">\n\t<h5>Nombre<\/h5>\n<\/div>\n<div class=\"name\">rc::a<\/div>\n<div class=\"retention-header\">\n\t<h5>Caducidad<\/h5>\n<\/div>\n<div class=\"retention\"><\/div>\n<div class=\"function-header\">\n\t<h5>Funci\u00f3n<\/h5>\n<\/div>\n<div class=\"function\"><\/div>\n\n<\/div>\n<\/details>\n<details class=\"cmplz-dropdown cmplz-service-desc cmplz-dropdown-cookiepolicy \">\n\t<summary class=\"cmplz-service-header\"><div>\n\t\t<h3>WordPress<\/h3>\n\t\t<p>Funcional<\/p>\n\t\t<label for=\"cmplz_service_wordpress\" class=\"cmplz_consent_per_service_label\"><span class=\"screen-reader-text\">Consent to service wordpress<\/span><\/label>\n\t\t<input type=\"checkbox\" id=\"cmplz_service_wordpress\" class=\"cmplz-accept-service cmplz-hidden\" data-service=\"wordpress\" data-category=\"functional\"><\/div>\n\t<\/summary>\n\t<div class=\"cmplz-service-description\">\n\t\t<h4>Uso<\/h4>\n\t\t<p>Usamos WordPress para desarrollo de sitios web. <a target=\"_blank\" rel=\"noopener noreferrer nofollow\" href=\"https:\/\/cookiedatabase.org\/service\/wordpress\/\">Leer m\u00e1s<\/a><\/p>\n\t<\/div>\n\t<div class=\"cmplz-sharing-data\">\n\t\t<h4>Compartir datos<\/h4>\n\t\t<p>Estos datos no se comparten con terceros.<\/p>\n\t<\/div>\n\t<div class=\"cookies-per-purpose\">\n    <div class=\"purpose\"><h4>Funcional<\/h4><\/div>\n    <div class=\"name-header\">\n\t<h5>Nombre<\/h5>\n<\/div>\n<div class=\"name\"><a target=\"_blank\" rel=\"noopener noreferrer nofollow\" href=\"https:\/\/cookiedatabase.org\/cookie\/wordpress\/wpemojisettingssupports\/\">wpEmojiSettingsSupports<\/a><\/div>\n<div class=\"retention-header\">\n\t<h5>Caducidad<\/h5>\n<\/div>\n<div class=\"retention\">sesi\u00f3n<\/div>\n<div class=\"function-header\">\n\t<h5>Funci\u00f3n<\/h5>\n<\/div>\n<div class=\"function\">Guardar detalles del navegador<\/div>\n\n<\/div>\n<\/details>\n<details class=\"cmplz-dropdown cmplz-service-desc cmplz-dropdown-cookiepolicy \">\n\t<summary class=\"cmplz-service-header\"><div>\n\t\t<h3>Google Analytics<\/h3>\n\t\t<p>Estad\u00edsticas<\/p>\n\t\t<label for=\"cmplz_service_google-analytics\" class=\"cmplz_consent_per_service_label\"><span class=\"screen-reader-text\">Consent to service google-analytics<\/span><\/label>\n\t\t<input type=\"checkbox\" id=\"cmplz_service_google-analytics\" class=\"cmplz-accept-service cmplz-hidden\" data-service=\"google-analytics\" data-category=\"functional\"><\/div>\n\t<\/summary>\n\t<div class=\"cmplz-service-description\">\n\t\t<h4>Uso<\/h4>\n\t\t<p>Usamos Google Analytics para estad\u00edsticas del sitio web. <a target=\"_blank\" rel=\"noopener noreferrer nofollow\" href=\"https:\/\/cookiedatabase.org\/service\/google-analytics\/\">Leer m\u00e1s<\/a><\/p>\n\t<\/div>\n\t<div class=\"cmplz-sharing-data\">\n\t\t<h4>Compartir datos<\/h4>\n\t\t<p>Para m\u00e1s informaci\u00f3n, por favor, lee la <a target=\"_blank\" rel=\"noopener noreferrer nofollow\" href=\"https:\/\/business.safety.google\/privacy\/\">pol\u00edtica de privacidad de Google Analytics<\/a>.<\/p>\n\t<\/div>\n\t<div class=\"cookies-per-purpose\">\n    <div class=\"purpose\"><h4>Estad\u00edsticas<\/h4><\/div>\n    <div class=\"name-header\">\n\t<h5>Nombre<\/h5>\n<\/div>\n<div class=\"name\"><a target=\"_blank\" rel=\"noopener noreferrer nofollow\" href=\"https:\/\/cookiedatabase.org\/cookie\/google-analytics\/_gid\/\">_gid<\/a><\/div>\n<div class=\"retention-header\">\n\t<h5>Caducidad<\/h5>\n<\/div>\n<div class=\"retention\">1 d\u00eda<\/div>\n<div class=\"function-header\">\n\t<h5>Funci\u00f3n<\/h5>\n<\/div>\n<div class=\"function\">Contar y rastrear p\u00e1ginas vistas<\/div>\n<div class=\"name-header\">\n\t<h5>Nombre<\/h5>\n<\/div>\n<div class=\"name\"><a target=\"_blank\" rel=\"noopener noreferrer nofollow\" href=\"https:\/\/cookiedatabase.org\/cookie\/google-analytics\/_ga_\/\">_ga_*<\/a><\/div>\n<div class=\"retention-header\">\n\t<h5>Caducidad<\/h5>\n<\/div>\n<div class=\"retention\">1 a\u00f1o<\/div>\n<div class=\"function-header\">\n\t<h5>Funci\u00f3n<\/h5>\n<\/div>\n<div class=\"function\">Contar y rastrear p\u00e1ginas vistas<\/div>\n<div class=\"name-header\">\n\t<h5>Nombre<\/h5>\n<\/div>\n<div class=\"name\"><a target=\"_blank\" rel=\"noopener noreferrer nofollow\" href=\"https:\/\/cookiedatabase.org\/cookie\/google-analytics\/_ga\/\">_ga<\/a><\/div>\n<div class=\"retention-header\">\n\t<h5>Caducidad<\/h5>\n<\/div>\n<div class=\"retention\">2 a\u00f1os<\/div>\n<div class=\"function-header\">\n\t<h5>Funci\u00f3n<\/h5>\n<\/div>\n<div class=\"function\">Contar y rastrear p\u00e1ginas vistas<\/div>\n\n<\/div>\n<\/details>\n<details class=\"cmplz-dropdown cmplz-service-desc cmplz-dropdown-cookiepolicy \">\n\t<summary class=\"cmplz-service-header\"><div>\n\t\t<h3>WPML<\/h3>\n\t\t<p>Funcional<\/p>\n\t\t<label for=\"cmplz_service_wpml\" class=\"cmplz_consent_per_service_label\"><span class=\"screen-reader-text\">Consent to service wpml<\/span><\/label>\n\t\t<input type=\"checkbox\" id=\"cmplz_service_wpml\" class=\"cmplz-accept-service cmplz-hidden\" data-service=\"wpml\" data-category=\"functional\"><\/div>\n\t<\/summary>\n\t<div class=\"cmplz-service-description\">\n\t\t<h4>Uso<\/h4>\n\t\t<p>Usamos WPML para gesti\u00f3n local. <a target=\"_blank\" rel=\"noopener noreferrer nofollow\" href=\"https:\/\/cookiedatabase.org\/service\/wpml\/\">Leer m\u00e1s<\/a><\/p>\n\t<\/div>\n\t<div class=\"cmplz-sharing-data\">\n\t\t<h4>Compartir datos<\/h4>\n\t\t<p>Estos datos no se comparten con terceros.<\/p>\n\t<\/div>\n\t<div class=\"cookies-per-purpose\">\n    <div class=\"purpose\"><h4>Funcional<\/h4><\/div>\n    <div class=\"name-header\">\n\t<h5>Nombre<\/h5>\n<\/div>\n<div class=\"name\"><a target=\"_blank\" rel=\"noopener noreferrer nofollow\" href=\"https:\/\/cookiedatabase.org\/cookie\/wpml\/wp-wpml_current_language\/\">wp-wpml_current_language<\/a><\/div>\n<div class=\"retention-header\">\n\t<h5>Caducidad<\/h5>\n<\/div>\n<div class=\"retention\">1 d\u00eda<\/div>\n<div class=\"function-header\">\n\t<h5>Funci\u00f3n<\/h5>\n<\/div>\n<div class=\"function\">Guardar configuraciones de lenguaje<\/div>\n\n<\/div>\n<\/details>\n<details class=\"cmplz-dropdown cmplz-service-desc cmplz-dropdown-cookiepolicy \">\n\t<summary class=\"cmplz-service-header\"><div>\n\t\t<h3>Google Fonts<\/h3>\n\t\t<p>Prop\u00f3sito pendiente de investigaci\u00f3n<\/p>\n\t\t<label for=\"cmplz_service_google-fonts\" class=\"cmplz_consent_per_service_label\"><span class=\"screen-reader-text\">Consent to service google-fonts<\/span><\/label>\n\t\t<input type=\"checkbox\" id=\"cmplz_service_google-fonts\" class=\"cmplz-accept-service cmplz-hidden\" data-service=\"google-fonts\" data-category=\"functional\"><\/div>\n\t<\/summary>\n\t<div class=\"cmplz-service-description\">\n\t\t<h4>Uso<\/h4>\n\t\t<p>Usamos Google Fonts para mostrar fuentes web. <a target=\"_blank\" rel=\"noopener noreferrer nofollow\" href=\"https:\/\/cookiedatabase.org\/service\/google-fonts\/\">Leer m\u00e1s<\/a><\/p>\n\t<\/div>\n\t<div class=\"cmplz-sharing-data\">\n\t\t<h4>Compartir datos<\/h4>\n\t\t<p>Para m\u00e1s informaci\u00f3n, por favor, lee la <a target=\"_blank\" rel=\"noopener noreferrer nofollow\" href=\"https:\/\/policies.google.com\/privacy\">pol\u00edtica de privacidad de Google Fonts<\/a>.<\/p>\n\t<\/div>\n\t<div class=\"cookies-per-purpose\">\n    <div class=\"purpose\"><h4>Prop\u00f3sito pendiente de investigaci\u00f3n<\/h4><\/div>\n    <div class=\"name-header\">\n\t<h5>Nombre<\/h5>\n<\/div>\n<div class=\"name\">Google Fonts API<\/div>\n<div class=\"retention-header\">\n\t<h5>Caducidad<\/h5>\n<\/div>\n<div class=\"retention\"><\/div>\n<div class=\"function-header\">\n\t<h5>Funci\u00f3n<\/h5>\n<\/div>\n<div class=\"function\"><\/div>\n\n<\/div>\n<\/details>\n<details class=\"cmplz-dropdown cmplz-service-desc cmplz-dropdown-cookiepolicy \">\n\t<summary class=\"cmplz-service-header\"><div>\n\t\t<h3>Varios<\/h3>\n\t\t<p>Prop\u00f3sito pendiente de investigaci\u00f3n<\/p>\n\t\t<label for=\"cmplz_service_varios\" class=\"cmplz_consent_per_service_label\"><span class=\"screen-reader-text\">Consent to service varios<\/span><\/label>\n\t\t<input type=\"checkbox\" id=\"cmplz_service_varios\" class=\"cmplz-accept-service cmplz-hidden\" data-service=\"varios\" data-category=\"functional\"><\/div>\n\t<\/summary>\n\t<div class=\"cmplz-service-description\">\n\t\t<h4>Uso<\/h4>\n\t\t<p><\/p>\n\t<\/div>\n\t<div class=\"cmplz-sharing-data\">\n\t\t<h4>Compartir datos<\/h4>\n\t\t<p>El intercambio de datos est\u00e1 pendiente de investigaci\u00f3n<\/p>\n\t<\/div>\n\t<div class=\"cookies-per-purpose\">\n    <div class=\"purpose\"><h4>Prop\u00f3sito pendiente de investigaci\u00f3n<\/h4><\/div>\n    <div class=\"name-header\">\n\t<h5>Nombre<\/h5>\n<\/div>\n<div class=\"name\">ate-maiya-info<\/div>\n<div class=\"retention-header\">\n\t<h5>Caducidad<\/h5>\n<\/div>\n<div class=\"retention\"><\/div>\n<div class=\"function-header\">\n\t<h5>Funci\u00f3n<\/h5>\n<\/div>\n<div class=\"function\"><\/div>\n<div class=\"name-header\">\n\t<h5>Nombre<\/h5>\n<\/div>\n<div class=\"name\">ate-maiya-info_64323266-3865-5631-a135-366265393564<\/div>\n<div class=\"retention-header\">\n\t<h5>Caducidad<\/h5>\n<\/div>\n<div class=\"retention\"><\/div>\n<div class=\"function-header\">\n\t<h5>Funci\u00f3n<\/h5>\n<\/div>\n<div class=\"function\"><\/div>\n<div class=\"name-header\">\n\t<h5>Nombre<\/h5>\n<\/div>\n<div class=\"name\">wpml-available-translators-notice-dismissed<\/div>\n<div class=\"retention-header\">\n\t<h5>Caducidad<\/h5>\n<\/div>\n<div class=\"retention\"><\/div>\n<div class=\"function-header\">\n\t<h5>Funci\u00f3n<\/h5>\n<\/div>\n<div class=\"function\"><\/div>\n<div class=\"name-header\">\n\t<h5>Nombre<\/h5>\n<\/div>\n<div class=\"name\">web-vitals-extension-metrics<\/div>\n<div class=\"retention-header\">\n\t<h5>Caducidad<\/h5>\n<\/div>\n<div class=\"retention\"><\/div>\n<div class=\"function-header\">\n\t<h5>Funci\u00f3n<\/h5>\n<\/div>\n<div class=\"function\"><\/div>\n<div class=\"name-header\">\n\t<h5>Nombre<\/h5>\n<\/div>\n<div class=\"name\">_ams_session<\/div>\n<div class=\"retention-header\">\n\t<h5>Caducidad<\/h5>\n<\/div>\n<div class=\"retention\"><\/div>\n<div class=\"function-header\">\n\t<h5>Funci\u00f3n<\/h5>\n<\/div>\n<div class=\"function\"><\/div>\n<div class=\"name-header\">\n\t<h5>Nombre<\/h5>\n<\/div>\n<div class=\"name\">cmplz_functional<\/div>\n<div class=\"retention-header\">\n\t<h5>Caducidad<\/h5>\n<\/div>\n<div class=\"retention\">365 d\u00edas<\/div>\n<div class=\"function-header\">\n\t<h5>Funci\u00f3n<\/h5>\n<\/div>\n<div class=\"function\"><\/div>\n<div class=\"name-header\">\n\t<h5>Nombre<\/h5>\n<\/div>\n<div class=\"name\">cmplz_statistics<\/div>\n<div class=\"retention-header\">\n\t<h5>Caducidad<\/h5>\n<\/div>\n<div class=\"retention\">365 d\u00edas<\/div>\n<div class=\"function-header\">\n\t<h5>Funci\u00f3n<\/h5>\n<\/div>\n<div class=\"function\"><\/div>\n<div class=\"name-header\">\n\t<h5>Nombre<\/h5>\n<\/div>\n<div class=\"name\">cmplz_preferences<\/div>\n<div class=\"retention-header\">\n\t<h5>Caducidad<\/h5>\n<\/div>\n<div class=\"retention\">365 d\u00edas<\/div>\n<div class=\"function-header\">\n\t<h5>Funci\u00f3n<\/h5>\n<\/div>\n<div class=\"function\"><\/div>\n<div class=\"name-header\">\n\t<h5>Nombre<\/h5>\n<\/div>\n<div class=\"name\">cmplz_marketing<\/div>\n<div class=\"retention-header\">\n\t<h5>Caducidad<\/h5>\n<\/div>\n<div class=\"retention\">365 d\u00edas<\/div>\n<div class=\"function-header\">\n\t<h5>Funci\u00f3n<\/h5>\n<\/div>\n<div class=\"function\"><\/div>\n\n<\/div>\n<\/details>\n<\/div>\n<h2>\u00bfC\u00f3mo puedo controlar las preferencias de las cookies?<\/h2>\n<p>Puede gestionar sus preferencias de cookies haciendo clic en el bot\u00f3n \u00abConfiguraci\u00f3n\u00bb y habilitando o deshabilitando las categor\u00edas de cookies en la ventana emergente seg\u00fan sus preferencias.<\/p>\n<p>Si decide cambiar sus preferencias m\u00e1s adelante durante la sesi\u00f3n de navegaci\u00f3n, puede hacer clic en la pesta\u00f1a \u00abPol\u00edtica de privacidad y de cookies\u00bb de su pantalla. En ella se mostrar\u00e1 de nuevo el aviso de consentimiento, lo que le permitir\u00e1 cambiar sus preferencias o retirar su consentimiento por completo.<\/p>\n<p>Adem\u00e1s, los distintos navegadores ofrecen diferentes m\u00e9todos para bloquear y eliminar las cookies utilizadas por los sitios web. Puede cambiar la configuraci\u00f3n de su navegador para bloquear\/eliminar las cookies. Para obtener m\u00e1s informaci\u00f3n sobre c\u00f3mo gestionar y eliminar las cookies, visite wikipedia.org, www.allaboutcookies.org.<\/p>\n<\/div>\n","protected":false},"excerpt":{"rendered":"<p>Acerca de esta pol\u00edtica de cookies. Esta pol\u00edtica de cookies explica qu\u00e9 son las cookies y c\u00f3mo las usamos. Debe leer esta pol\u00edtica para comprender qu\u00e9 son las cookies, c\u00f3mo las utilizamos, los tipos de cookies que utilizamos, es decir, la informaci\u00f3n que recopilamos mediante las cookies y c\u00f3mo se utiliza esa informaci\u00f3n y c\u00f3mo [&#8230;]<\/p>\n<p><a class=\"btn btn-secondary understrap-read-more-link\" href=\"https:\/\/juanfranlopez.com\/es\/politica-de-cookies\/\">Leer m\u00e1s&#8230;<\/a><\/p>\n","protected":false},"author":1,"featured_media":0,"parent":0,"menu_order":0,"comment_status":"closed","ping_status":"closed","template":"","meta":{"_acf_changed":false,"footnotes":""},"class_list":["post-370","page","type-page","status-publish","hentry"],"acf":[],"yoast_head":"<!-- This site is optimized with the Yoast SEO plugin v25.8 - https:\/\/yoast.com\/wordpress\/plugins\/seo\/ -->\n<title>Pol\u00edtica de cookies - JuanFran Lopez<\/title>\n<meta name=\"robots\" content=\"index, follow, max-snippet:-1, max-image-preview:large, max-video-preview:-1\" \/>\n<link rel=\"canonical\" href=\"https:\/\/juanfranlopez.com\/es\/politica-de-cookies\/\" \/>\n<meta property=\"og:locale\" content=\"es_ES\" \/>\n<meta property=\"og:type\" content=\"article\" \/>\n<meta property=\"og:title\" content=\"Pol\u00edtica de cookies - JuanFran Lopez\" \/>\n<meta property=\"og:description\" content=\"Acerca de esta pol\u00edtica de cookies. Esta pol\u00edtica de cookies explica qu\u00e9 son las cookies y c\u00f3mo las usamos. Debe leer esta pol\u00edtica para comprender qu\u00e9 son las cookies, c\u00f3mo las utilizamos, los tipos de cookies que utilizamos, es decir, la informaci\u00f3n que recopilamos mediante las cookies y c\u00f3mo se utiliza esa informaci\u00f3n y c\u00f3mo [...]Leer m\u00e1s...\" \/>\n<meta property=\"og:url\" content=\"https:\/\/juanfranlopez.com\/es\/politica-de-cookies\/\" \/>\n<meta property=\"og:site_name\" content=\"JuanFran Lopez\" \/>\n<meta property=\"article:publisher\" content=\"https:\/\/www.facebook.com\/juanfrancisco.lopez.5245\" \/>\n<meta property=\"article:modified_time\" content=\"2025-09-04T10:37:39+00:00\" \/>\n<meta name=\"twitter:card\" content=\"summary_large_image\" \/>\n<meta name=\"twitter:label1\" content=\"Tiempo de lectura\" \/>\n\t<meta name=\"twitter:data1\" content=\"3 minutos\" \/>\n<script type=\"application\/ld+json\" class=\"yoast-schema-graph\">{\"@context\":\"https:\/\/schema.org\",\"@graph\":[{\"@type\":\"WebPage\",\"@id\":\"https:\/\/juanfranlopez.com\/es\/politica-de-cookies\/\",\"url\":\"https:\/\/juanfranlopez.com\/es\/politica-de-cookies\/\",\"name\":\"Pol\u00edtica de cookies - JuanFran Lopez\",\"isPartOf\":{\"@id\":\"https:\/\/juanfranlopez.com\/es\/#website\"},\"datePublished\":\"2020-02-13T19:08:12+00:00\",\"dateModified\":\"2025-09-04T10:37:39+00:00\",\"breadcrumb\":{\"@id\":\"https:\/\/juanfranlopez.com\/es\/politica-de-cookies\/#breadcrumb\"},\"inLanguage\":\"es\",\"potentialAction\":[{\"@type\":\"ReadAction\",\"target\":[\"https:\/\/juanfranlopez.com\/es\/politica-de-cookies\/\"]}]},{\"@type\":\"BreadcrumbList\",\"@id\":\"https:\/\/juanfranlopez.com\/es\/politica-de-cookies\/#breadcrumb\",\"itemListElement\":[{\"@type\":\"ListItem\",\"position\":1,\"name\":\"Home\",\"item\":\"https:\/\/juanfranlopez.com\/es\/\"},{\"@type\":\"ListItem\",\"position\":2,\"name\":\"Pol\u00edtica de cookies\"}]},{\"@type\":\"WebSite\",\"@id\":\"https:\/\/juanfranlopez.com\/es\/#website\",\"url\":\"https:\/\/juanfranlopez.com\/es\/\",\"name\":\"JuanFran Lopez\",\"description\":\"Organic agriculture, biofertiliser, living agriculture\",\"publisher\":{\"@id\":\"https:\/\/juanfranlopez.com\/es\/#organization\"},\"potentialAction\":[{\"@type\":\"SearchAction\",\"target\":{\"@type\":\"EntryPoint\",\"urlTemplate\":\"https:\/\/juanfranlopez.com\/es\/?s={search_term_string}\"},\"query-input\":{\"@type\":\"PropertyValueSpecification\",\"valueRequired\":true,\"valueName\":\"search_term_string\"}}],\"inLanguage\":\"es\"},{\"@type\":\"Organization\",\"@id\":\"https:\/\/juanfranlopez.com\/es\/#organization\",\"name\":\"JuanFran Lopez\",\"url\":\"https:\/\/juanfranlopez.com\/es\/\",\"logo\":{\"@type\":\"ImageObject\",\"inLanguage\":\"es\",\"@id\":\"https:\/\/juanfranlopez.com\/es\/#\/schema\/logo\/image\/\",\"url\":\"https:\/\/juanfranlopez.com\/wp-content\/uploads\/2019\/12\/logo-juanfranlopez.png\",\"contentUrl\":\"https:\/\/juanfranlopez.com\/wp-content\/uploads\/2019\/12\/logo-juanfranlopez.png\",\"width\":95,\"height\":93,\"caption\":\"JuanFran Lopez\"},\"image\":{\"@id\":\"https:\/\/juanfranlopez.com\/es\/#\/schema\/logo\/image\/\"},\"sameAs\":[\"https:\/\/www.facebook.com\/juanfrancisco.lopez.5245\",\"https:\/\/www.instagram.com\/juanfran.livingagriculture\/\"]}]}<\/script>\n<!-- \/ Yoast SEO plugin. -->","yoast_head_json":{"title":"Pol\u00edtica de cookies - JuanFran Lopez","robots":{"index":"index","follow":"follow","max-snippet":"max-snippet:-1","max-image-preview":"max-image-preview:large","max-video-preview":"max-video-preview:-1"},"canonical":"https:\/\/juanfranlopez.com\/es\/politica-de-cookies\/","og_locale":"es_ES","og_type":"article","og_title":"Pol\u00edtica de cookies - JuanFran Lopez","og_description":"Acerca de esta pol\u00edtica de cookies. Esta pol\u00edtica de cookies explica qu\u00e9 son las cookies y c\u00f3mo las usamos. Debe leer esta pol\u00edtica para comprender qu\u00e9 son las cookies, c\u00f3mo las utilizamos, los tipos de cookies que utilizamos, es decir, la informaci\u00f3n que recopilamos mediante las cookies y c\u00f3mo se utiliza esa informaci\u00f3n y c\u00f3mo [...]Leer m\u00e1s...","og_url":"https:\/\/juanfranlopez.com\/es\/politica-de-cookies\/","og_site_name":"JuanFran Lopez","article_publisher":"https:\/\/www.facebook.com\/juanfrancisco.lopez.5245","article_modified_time":"2025-09-04T10:37:39+00:00","twitter_card":"summary_large_image","twitter_misc":{"Tiempo de lectura":"3 minutos"},"schema":{"@context":"https:\/\/schema.org","@graph":[{"@type":"WebPage","@id":"https:\/\/juanfranlopez.com\/es\/politica-de-cookies\/","url":"https:\/\/juanfranlopez.com\/es\/politica-de-cookies\/","name":"Pol\u00edtica de cookies - JuanFran Lopez","isPartOf":{"@id":"https:\/\/juanfranlopez.com\/es\/#website"},"datePublished":"2020-02-13T19:08:12+00:00","dateModified":"2025-09-04T10:37:39+00:00","breadcrumb":{"@id":"https:\/\/juanfranlopez.com\/es\/politica-de-cookies\/#breadcrumb"},"inLanguage":"es","potentialAction":[{"@type":"ReadAction","target":["https:\/\/juanfranlopez.com\/es\/politica-de-cookies\/"]}]},{"@type":"BreadcrumbList","@id":"https:\/\/juanfranlopez.com\/es\/politica-de-cookies\/#breadcrumb","itemListElement":[{"@type":"ListItem","position":1,"name":"Home","item":"https:\/\/juanfranlopez.com\/es\/"},{"@type":"ListItem","position":2,"name":"Pol\u00edtica de cookies"}]},{"@type":"WebSite","@id":"https:\/\/juanfranlopez.com\/es\/#website","url":"https:\/\/juanfranlopez.com\/es\/","name":"JuanFran Lopez","description":"Organic agriculture, biofertiliser, living agriculture","publisher":{"@id":"https:\/\/juanfranlopez.com\/es\/#organization"},"potentialAction":[{"@type":"SearchAction","target":{"@type":"EntryPoint","urlTemplate":"https:\/\/juanfranlopez.com\/es\/?s={search_term_string}"},"query-input":{"@type":"PropertyValueSpecification","valueRequired":true,"valueName":"search_term_string"}}],"inLanguage":"es"},{"@type":"Organization","@id":"https:\/\/juanfranlopez.com\/es\/#organization","name":"JuanFran Lopez","url":"https:\/\/juanfranlopez.com\/es\/","logo":{"@type":"ImageObject","inLanguage":"es","@id":"https:\/\/juanfranlopez.com\/es\/#\/schema\/logo\/image\/","url":"https:\/\/juanfranlopez.com\/wp-content\/uploads\/2019\/12\/logo-juanfranlopez.png","contentUrl":"https:\/\/juanfranlopez.com\/wp-content\/uploads\/2019\/12\/logo-juanfranlopez.png","width":95,"height":93,"caption":"JuanFran Lopez"},"image":{"@id":"https:\/\/juanfranlopez.com\/es\/#\/schema\/logo\/image\/"},"sameAs":["https:\/\/www.facebook.com\/juanfrancisco.lopez.5245","https:\/\/www.instagram.com\/juanfran.livingagriculture\/"]}]}},"_links":{"self":[{"href":"https:\/\/juanfranlopez.com\/es\/wp-json\/wp\/v2\/pages\/370","targetHints":{"allow":["GET"]}}],"collection":[{"href":"https:\/\/juanfranlopez.com\/es\/wp-json\/wp\/v2\/pages"}],"about":[{"href":"https:\/\/juanfranlopez.com\/es\/wp-json\/wp\/v2\/types\/page"}],"author":[{"embeddable":true,"href":"https:\/\/juanfranlopez.com\/es\/wp-json\/wp\/v2\/users\/1"}],"replies":[{"embeddable":true,"href":"https:\/\/juanfranlopez.com\/es\/wp-json\/wp\/v2\/comments?post=370"}],"version-history":[{"count":3,"href":"https:\/\/juanfranlopez.com\/es\/wp-json\/wp\/v2\/pages\/370\/revisions"}],"predecessor-version":[{"id":388,"href":"https:\/\/juanfranlopez.com\/es\/wp-json\/wp\/v2\/pages\/370\/revisions\/388"}],"wp:attachment":[{"href":"https:\/\/juanfranlopez.com\/es\/wp-json\/wp\/v2\/media?parent=370"}],"curies":[{"name":"wp","href":"https:\/\/api.w.org\/{rel}","templated":true}]}}